{"id":410,"date":"2022-03-23T09:17:00","date_gmt":"2022-03-23T09:17:00","guid":{"rendered":"https:\/\/demo.creativethemes.com\/stagingseven\/?page_id=410"},"modified":"2024-05-07T16:29:54","modified_gmt":"2024-05-07T20:29:54","slug":"about-us","status":"publish","type":"page","link":"https:\/\/isabelrosesonline.com\/index.php\/about-us\/","title":{"rendered":"Con\u00f3cenos"},"content":{"rendered":"\n<div class=\"wp-block-stackable-columns stk-block-columns stk-block stk-0e43e2e stk-block-background\" data-block-id=\"0e43e2e\"><style>.stk-0e43e2e .stk--block-align-0e43e2e{align-items:flex-start !important}.stk-0e43e2e{background-color:#f3f3f3 !important;min-height:0px !important;align-items:flex-start !important;max-width:1500px !important;padding-top:0px !important;padding-right:0px !important;padding-bottom:0px !important;padding-left:0px !important;margin-bottom:0px !important;display:flex !important}.stk-0e43e2e:before{background-color:#f3f3f3 !important}.stk-0e43e2e-column{max-width:1500px !important}@media screen and (max-width:1023px){.stk-0e43e2e{padding-top:80px !important;padding-bottom:80px !important}}@media screen and (max-width:767px){.stk-0e43e2e{min-height:0px !important;align-items:center !important;max-width:629px !important;margin-right:auto !important;margin-bottom:-132px !important;margin-left:auto !important;display:flex !important}}<\/style><div class=\"stk-row stk-inner-blocks stk--block-align-0e43e2e stk-block-content stk-content-align stk-0e43e2e-column alignwide\">\n<div class=\"wp-block-stackable-column stk-block-column stk-column stk-block stk-de1bfdc\" data-v=\"4\" data-block-id=\"de1bfdc\"><style>.stk-de1bfdc-container{margin-top:0px !important;margin-right:0px !important;margin-bottom:0px !important;margin-left:0px !important}<\/style><div class=\"stk-column-wrapper stk-block-column__content stk-container stk-de1bfdc-container stk--no-background stk--no-padding\"><div class=\"stk-block-content stk-inner-blocks stk-de1bfdc-inner-blocks\">\n<div class=\"wp-block-stackable-spacer stk-block-spacer stk--no-padding stk-block stk-64ed7c0\" data-block-id=\"64ed7c0\"><style>.stk-64ed7c0{height:24px !important}<\/style><\/div>\n\n\n\n<div class=\"wp-block-stackable-image stk-block-image stk-block stk-24e0220 stk-block-background stk--has-background-overlay\" data-block-id=\"24e0220\"><style>.stk-24e0220{background-image:url(https:\/\/isabelrosesonline.com\/wp-content\/uploads\/2024\/05\/Diseno-sin-titulo.png) !important;background-attachment:fixed !important;min-height:463px !important;margin-top:-68px !important;margin-bottom:0px !important}.stk-24e0220 .stk-img-wrapper{width:368px !important;height:368px !important}.stk-24e0220 .stk-img-wrapper img,.stk-24e0220 .stk-img-wrapper::after,.stk-24e0220 .stk-img-wrapper::before{mask-image:url('data:image\/svg+xml;base64,PHN2ZyB4bWxucz0iaHR0cDovL3d3dy53My5vcmcvMjAwMC9zdmciIHZpZXdCb3g9IjAgMCAxMDAgMTAwIiBwcmVzZXJ2ZUFzcGVjdFJhdGlvPSJub25lIj48Y2lyY2xlIGN4PSI1MCIgY3k9IjUwIiByPSI1MCI+PC9jaXJjbGU+PC9zdmc+') !important;-webkit-mask-image:url('data:image\/svg+xml;base64,PHN2ZyB4bWxucz0iaHR0cDovL3d3dy53My5vcmcvMjAwMC9zdmciIHZpZXdCb3g9IjAgMCAxMDAgMTAwIiBwcmVzZXJ2ZUFzcGVjdFJhdGlvPSJub25lIj48Y2lyY2xlIGN4PSI1MCIgY3k9IjUwIiByPSI1MCI+PC9jaXJjbGU+PC9zdmc+') !important}@media screen and (max-width:767px){.stk-24e0220{min-height:279px !important}.stk-24e0220 .stk-img-wrapper{width:80% !important;height:235px !important}}<\/style><figure><span class=\"stk-img-wrapper stk-img--shape stk-image--shape-stretch\"><img fetchpriority=\"high\" decoding=\"async\" class=\"stk-img wp-image-956\" src=\"https:\/\/isabelrosesonline.com\/wp-content\/uploads\/2024\/01\/foto-isabel-2.jpg\" width=\"545\" height=\"375\" srcset=\"https:\/\/isabelrosesonline.com\/wp-content\/uploads\/2024\/01\/foto-isabel-2.jpg 545w, https:\/\/isabelrosesonline.com\/wp-content\/uploads\/2024\/01\/foto-isabel-2-300x206.jpg 300w\" sizes=\"(max-width: 545px) 100vw, 545px\" \/><\/span><\/figure><\/div>\n\n\n\n<div class=\"wp-block-stackable-team-member stk-block-team-member stk-block stk-9b6399b stk-block-background is-style-default stk--has-background-overlay\" data-v=\"2\" data-block-id=\"9b6399b\"><style>.stk-9b6399b{background-image:url(https:\/\/isabelrosesonline.com\/wp-content\/uploads\/2024\/05\/Diseno-sin-titulo-e1715113277115.png) !important;background-attachment:fixed !important}@media screen and (max-width:767px){.stk-9b6399b .stk-block-team-member__content{min-height:0px !important;max-width:1500px !important}}<\/style><div class=\"stk-block-team-member__content stk-content-align stk-9b6399b-column stk-container stk-9b6399b-container stk-hover-parent\"><div class=\"stk-block-content stk-inner-blocks has-text-align-center stk-9b6399b-inner-blocks\">\n<div class=\"wp-block-stackable-heading stk-block-heading stk-block-heading--v2 stk-block stk-e66796b\" id=\"strong-isabel-martinez-strong\" data-block-id=\"e66796b\"><style>.stk-e66796b .stk-block-heading__text{color:#ed4849 !important}<\/style><h3 class=\"stk-block-heading__text has-text-color\"><strong>Isabel Martinez<\/strong><\/h3><\/div>\n\n\n\n<div class=\"wp-block-stackable-subtitle stk-block-subtitle stk-block stk-9294bd8\" data-block-id=\"9294bd8\"><p class=\"stk-block-subtitle__text stk-subtitle\"><strong>Manager<\/strong><\/p><\/div>\n\n\n\n<div class=\"wp-block-stackable-text stk-block-text stk-block stk-1319621\" data-block-id=\"1319621\"><style>.stk-1319621{margin-right:10px !important;margin-left:10px !important}.stk-1319621 .stk-block-text__text{font-size:20px !important}@media screen and (max-width:1023px){.stk-1319621 .stk-block-text__text{font-size:20px !important}}<\/style><p class=\"stk-block-text__text has-text-align-justify\">Isabel Mart\u00ednez es el coraz\u00f3n y la mente detr\u00e1s de nuestra querida florer\u00eda. Con una pasi\u00f3n desbordante por las flores y una dedicaci\u00f3n incomparable hacia nuestros clientes, Isabel se destaca como una l\u00edder inspiradora y comprometida. Su creatividad y habilidad para crear arreglos \u00fanicos y personalizados han dejado una huella imborrable en cada cliente que ha tenido el placer de recibir uno de sus magn\u00edficos bouquets.<\/p><\/div>\n\n\n\n<div class=\"wp-block-stackable-text stk-block-text stk-block stk-40906c6\" data-block-id=\"40906c6\"><style>.stk-40906c6{margin-right:10px !important;margin-left:10px !important}.stk-40906c6 .stk-block-text__text{font-size:20px !important}@media screen and (max-width:1023px){.stk-40906c6 .stk-block-text__text{font-size:20px !important}}<\/style><p class=\"stk-block-text__text has-text-align-justify\">Pero m\u00e1s all\u00e1 de su habilidad floral, lo que realmente distingue a Isabel es su compromiso con la excelencia en el servicio al cliente. Siempre dispuesta a ir m\u00e1s all\u00e1 para asegurarse de que cada cliente se sienta valorado y satisfecho, Isabel se ha ganado la confianza y el aprecio de todos los que tienen el placer de tratar con ella. Su liderazgo inspirador y su dedicaci\u00f3n incansable son la fuerza motriz detr\u00e1s de nuestro \u00e9xito como florer\u00eda online.<\/p><\/div>\n\n\n\n<div class=\"wp-block-stackable-button-group stk-block-button-group stk-block stk-c2d935b stk-block-background\" data-block-id=\"c2d935b\"><div class=\"stk-row stk-inner-blocks stk-block-content stk-button-group\">\n<div class=\"wp-block-stackable-icon-button stk-block-icon-button stk-block stk-e99b255\" data-block-id=\"e99b255\"><style>.stk-e99b255 .stk-button{background:#3b5998 !important}<\/style><a class=\"stk-link stk-button stk--hover-effect-darken\" href=\"\" target=\"_blank\" rel=\"noreferrer noopener\"><span class=\"stk--svg-wrapper\"><div class=\"stk--inner-svg\"><svg data-prefix=\"fab\" data-icon=\"facebook-square\" class=\"svg-inline--fa fa-facebook-square fa-w-14\" xmlns=\"https:\/\/www.w3.org\/2000\/svg\" viewBox=\"0 0 448 512\" aria-hidden=\"true\" width=\"32\" height=\"32\"><path fill=\"currentColor\" d=\"M400 32H48A48 48 0 0 0 0 80v352a48 48 0 0 0 48 48h137.25V327.69h-63V256h63v-54.64c0-62.15 37-96.48 93.67-96.48 27.14 0 55.52 4.84 55.52 4.84v61h-31.27c-30.81 0-40.42 19.12-40.42 38.73V256h68.78l-11 71.69h-57.78V480H400a48 48 0 0 0 48-48V80a48 48 0 0 0-48-48z\"><\/path><\/svg><\/div><\/span><\/a><\/div>\n\n\n\n<div class=\"wp-block-stackable-icon-button stk-block-icon-button stk-block stk-4b3d024\" data-block-id=\"4b3d024\"><style>.stk-4b3d024 .stk-button{background:#c13584 !important}<\/style><a class=\"stk-link stk-button stk--hover-effect-darken\" href=\"\" target=\"_blank\" rel=\"noreferrer noopener\"><span class=\"stk--svg-wrapper\"><div class=\"stk--inner-svg\"><svg data-prefix=\"fab\" data-icon=\"instagram\" class=\"svg-inline--fa fa-instagram fa-w-14\" xmlns=\"https:\/\/www.w3.org\/2000\/svg\" viewBox=\"0 0 448 512\" aria-hidden=\"true\" width=\"32\" height=\"32\"><path fill=\"currentColor\" d=\"M224.1 141c-63.6 0-114.9 51.3-114.9 114.9s51.3 114.9 114.9 114.9S339 319.5 339 255.9 287.7 141 224.1 141zm0 189.6c-41.1 0-74.7-33.5-74.7-74.7s33.5-74.7 74.7-74.7 74.7 33.5 74.7 74.7-33.6 74.7-74.7 74.7zm146.4-194.3c0 14.9-12 26.8-26.8 26.8-14.9 0-26.8-12-26.8-26.8s12-26.8 26.8-26.8 26.8 12 26.8 26.8zm76.1 27.2c-1.7-35.9-9.9-67.7-36.2-93.9-26.2-26.2-58-34.4-93.9-36.2-37-2.1-147.9-2.1-184.9 0-35.8 1.7-67.6 9.9-93.9 36.1s-34.4 58-36.2 93.9c-2.1 37-2.1 147.9 0 184.9 1.7 35.9 9.9 67.7 36.2 93.9s58 34.4 93.9 36.2c37 2.1 147.9 2.1 184.9 0 35.9-1.7 67.7-9.9 93.9-36.2 26.2-26.2 34.4-58 36.2-93.9 2.1-37 2.1-147.8 0-184.8zM398.8 388c-7.8 19.6-22.9 34.7-42.6 42.6-29.5 11.7-99.5 9-132.1 9s-102.7 2.6-132.1-9c-19.6-7.8-34.7-22.9-42.6-42.6-11.7-29.5-9-99.5-9-132.1s-2.6-102.7 9-132.1c7.8-19.6 22.9-34.7 42.6-42.6 29.5-11.7 99.5-9 132.1-9s102.7-2.6 132.1 9c19.6 7.8 34.7 22.9 42.6 42.6 11.7 29.5 9 99.5 9 132.1s2.7 102.7-9 132.1z\"><\/path><\/svg><\/div><\/span><\/a><\/div>\n<\/div><\/div>\n<\/div><\/div><\/div>\n<\/div><\/div><\/div>\n<\/div><\/div>\n","protected":false},"excerpt":{"rendered":"<p>Isabel Martinez Manager Isabel Mart\u00ednez es el coraz\u00f3n y la mente detr\u00e1s de nuestra querida florer\u00eda. Con una pasi\u00f3n desbordante por las flores y una dedicaci\u00f3n incomparable hacia nuestros clientes, Isabel se destaca como una l\u00edder inspiradora y comprometida. Su creatividad y habilidad para crear arreglos \u00fanicos y personalizados han dejado una huella imborrable en [&hellip;]<\/p>\n","protected":false},"author":1,"featured_media":607,"parent":0,"menu_order":2,"comment_status":"closed","ping_status":"closed","template":"","meta":{"footnotes":""},"class_list":["post-410","page","type-page","status-publish","has-post-thumbnail","hentry"],"_links":{"self":[{"href":"https:\/\/isabelrosesonline.com\/index.php\/wp-json\/wp\/v2\/pages\/410","targetHints":{"allow":["GET"]}}],"collection":[{"href":"https:\/\/isabelrosesonline.com\/index.php\/wp-json\/wp\/v2\/pages"}],"about":[{"href":"https:\/\/isabelrosesonline.com\/index.php\/wp-json\/wp\/v2\/types\/page"}],"author":[{"embeddable":true,"href":"https:\/\/isabelrosesonline.com\/index.php\/wp-json\/wp\/v2\/users\/1"}],"replies":[{"embeddable":true,"href":"https:\/\/isabelrosesonline.com\/index.php\/wp-json\/wp\/v2\/comments?post=410"}],"version-history":[{"count":27,"href":"https:\/\/isabelrosesonline.com\/index.php\/wp-json\/wp\/v2\/pages\/410\/revisions"}],"predecessor-version":[{"id":1036,"href":"https:\/\/isabelrosesonline.com\/index.php\/wp-json\/wp\/v2\/pages\/410\/revisions\/1036"}],"wp:featuredmedia":[{"embeddable":true,"href":"https:\/\/isabelrosesonline.com\/index.php\/wp-json\/wp\/v2\/media\/607"}],"wp:attachment":[{"href":"https:\/\/isabelrosesonline.com\/index.php\/wp-json\/wp\/v2\/media?parent=410"}],"curies":[{"name":"wp","href":"https:\/\/api.w.org\/{rel}","templated":true}]}}