{"id":381,"date":"2022-03-23T08:36:23","date_gmt":"2022-03-23T08:36:23","guid":{"rendered":"https:\/\/demo.creativethemes.com\/stagingseven\/?page_id=381"},"modified":"2024-05-28T17:55:24","modified_gmt":"2024-05-28T21:55:24","slug":"contact-us","status":"publish","type":"page","link":"https:\/\/isabelrosesonline.com\/index.php\/contact-us\/","title":{"rendered":"Contacto"},"content":{"rendered":"\n<div class=\"wp-block-group alignfull has-text-color has-background is-layout-flow wp-block-group-is-layout-flow\" style=\"color:#000000;background-color:#ffffff\">\n<p class=\"has-text-align-center has-small-font-size\" style=\"line-height:.9\">Sal de dudas..<\/p>\n\n\n\n<div class=\"wp-block-buttons is-horizontal is-content-justification-center is-layout-flex wp-container-core-buttons-is-layout-03627597 wp-block-buttons-is-layout-flex\">\n<div class=\"wp-block-button has-custom-width wp-block-button__width-50 is-style-fill\"><a class=\"wp-block-button__link has-custom-color-1-background-color has-text-color has-background wp-element-button\" href=\"https:\/\/wa.link\/11afo2\" style=\"border-radius:50px;color:#ffffff\">Cont\u00e1ctanos<\/a><\/div>\n<\/div>\n\n\n\n<div style=\"height:64px\" aria-hidden=\"true\" class=\"wp-block-spacer\"><\/div>\n<\/div>\n\n\n\n<div class=\"wp-block-stackable-columns stk-block-columns stk-block stk-42e9779\" data-block-id=\"42e9779\"><style>.stk-42e9779{margin-bottom:0px !important}<\/style><div class=\"stk-row stk-inner-blocks stk-block-content stk-content-align stk-42e9779-column\">\n<div class=\"wp-block-stackable-column stk-block-column stk-column stk-block stk-a79a682\" data-v=\"4\" data-block-id=\"a79a682\"><style>.stk-a79a682-container{margin-top:0px !important;margin-right:0px !important;margin-bottom:0px !important;margin-left:0px !important}.stk-a79a682:hover{box-shadow:0px 10px 30px #0000000d !important}.stk-a79a682{padding-top:30px !important;padding-right:25px !important;padding-bottom:30px !important;padding-left:25px !important}@media screen and (min-width:768px){.stk-a79a682{flex:var(--stk-flex-grow,1) 1 calc(25% - var(--stk-column-gap,0px) * 3 \/ 4 ) !important}}@media screen and (min-width:768px) and (max-width:1023px){.stk-a79a682{flex:var(--stk-flex-grow,1) 1 calc(50% - var(--stk-column-gap,0px) * 1 \/ 2 ) !important}}<\/style><div class=\"stk-column-wrapper stk-block-column__content stk-container stk-a79a682-container stk--no-background stk--no-padding\"><div class=\"has-text-align-center stk-block-content stk-inner-blocks stk-a79a682-inner-blocks\">\n<div class=\"wp-block-stackable-icon stk-block-icon stk-block stk-74e15d2\" data-block-id=\"74e15d2\"><style>.stk-74e15d2 .stk--svg-wrapper .stk--inner-svg svg:last-child,.stk-74e15d2 .stk--svg-wrapper .stk--inner-svg svg:last-child :is(g,path,rect,polygon,ellipse){fill:#8f9537 !important}<\/style><span class=\"stk--svg-wrapper\"><div class=\"stk--inner-svg\"><svg style=\"height:0;width:0\"><defs><linearGradient id=\"linear-gradient-74e15d2\" x1=\"0\" x2=\"100%\" y1=\"0\" y2=\"0\"><stop offset=\"0%\" style=\"stop-opacity:1;stop-color:var(--linear-gradient-74-e-15-d-2-color-1)\"><\/stop><stop offset=\"100%\" style=\"stop-opacity:1;stop-color:var(--linear-gradient-74-e-15-d-2-color-2)\"><\/stop><\/linearGradient><\/defs><\/svg><svg xmlns=\"https:\/\/www.w3.org\/2000\/svg\" viewBox=\"0 0 384 512\" aria-hidden=\"true\" width=\"32\" height=\"32\"><path d=\"M215.7 499.2C267 435 384 279.4 384 192C384 86 298 0 192 0S0 86 0 192c0 87.4 117 243 168.3 307.2c12.3 15.3 35.1 15.3 47.4 0zM192 128a64 64 0 1 1 0 128 64 64 0 1 1 0-128z\"><\/path><\/svg><\/div><\/span><\/div>\n\n\n\n<div class=\"wp-block-stackable-heading stk-block-heading stk-block-heading--v2 stk-block stk-592ef48\" id=\"direccion-fisica\" data-block-id=\"592ef48\"><style>.stk-592ef48{margin-bottom:15px !important}.stk-592ef48 .stk-block-heading__text{color:#000000 !important;line-height:1.5em !important}<\/style><h3 class=\"stk-block-heading__text has-text-color\">Direcci\u00f3n F\u00edsica<\/h3><\/div>\n\n\n\n<p class=\"has-text-align-center has-normal-font-size\">Austin,Tx 78754<\/p>\n<\/div><\/div><\/div>\n\n\n\n<div class=\"wp-block-stackable-column stk-block-column stk-column stk-block stk-1e0e313\" data-v=\"4\" data-block-id=\"1e0e313\"><style>.stk-1e0e313-container{margin-top:0px !important;margin-right:0px !important;margin-bottom:0px !important;margin-left:0px !important}.stk-1e0e313:hover{box-shadow:0px 10px 30px #0000000d !important}.stk-1e0e313{padding-top:30px !important;padding-right:25px !important;padding-bottom:30px !important;padding-left:25px !important}@media screen and (min-width:768px){.stk-1e0e313{flex:var(--stk-flex-grow,1) 1 calc(25% - var(--stk-column-gap,0px) * 3 \/ 4 ) !important}}@media screen and (min-width:768px) and (max-width:1023px){.stk-1e0e313{flex:var(--stk-flex-grow,1) 1 calc(50% - var(--stk-column-gap,0px) * 1 \/ 2 ) !important}}<\/style><div class=\"stk-column-wrapper stk-block-column__content stk-container stk-1e0e313-container stk--no-background stk--no-padding\"><div class=\"has-text-align-center stk-block-content stk-inner-blocks stk-1e0e313-inner-blocks\">\n<div class=\"wp-block-stackable-icon stk-block-icon stk-block stk-4cea1ae\" data-block-id=\"4cea1ae\"><style>.stk-4cea1ae .stk--svg-wrapper .stk--inner-svg svg:last-child,.stk-4cea1ae .stk--svg-wrapper .stk--inner-svg svg:last-child :is(g,path,rect,polygon,ellipse){fill:#8f9537 !important}<\/style><span class=\"stk--svg-wrapper\"><div class=\"stk--inner-svg\"><svg style=\"height:0;width:0\"><defs><linearGradient id=\"linear-gradient-4cea1ae\" x1=\"0\" x2=\"100%\" y1=\"0\" y2=\"0\"><stop offset=\"0%\" style=\"stop-opacity:1;stop-color:var(--linear-gradient-4-cea-1-ae-color-1)\"><\/stop><stop offset=\"100%\" style=\"stop-opacity:1;stop-color:var(--linear-gradient-4-cea-1-ae-color-2)\"><\/stop><\/linearGradient><\/defs><\/svg><svg xmlns=\"https:\/\/www.w3.org\/2000\/svg\" viewBox=\"0 0 512 512\" aria-hidden=\"true\" width=\"32\" height=\"32\"><path d=\"M256 0a256 256 0 1 1 0 512A256 256 0 1 1 256 0zM232 120V256c0 8 4 15.5 10.7 20l96 64c11 7.4 25.9 4.4 33.3-6.7s4.4-25.9-6.7-33.3L280 243.2V120c0-13.3-10.7-24-24-24s-24 10.7-24 24z\"><\/path><\/svg><\/div><\/span><\/div>\n\n\n\n<div class=\"wp-block-stackable-heading stk-block-heading stk-block-heading--v2 stk-block stk-65958f7\" id=\"horario-de-trabajo\" data-block-id=\"65958f7\"><style>.stk-65958f7{margin-bottom:15px !important}.stk-65958f7 .stk-block-heading__text{color:#000000 !important;line-height:1.5em !important}<\/style><h3 class=\"stk-block-heading__text has-text-color\">Horario de Trabajo<\/h3><\/div>\n\n\n\n<p class=\"has-normal-font-size\">Lunes a viernes: 7am &#8211; 7pm<br>Fin de Semana: 10am &#8211; 6pm<\/p>\n<\/div><\/div><\/div>\n\n\n\n<div class=\"wp-block-stackable-column stk-block-column stk-column stk-block stk-d5bb11b\" data-v=\"4\" data-block-id=\"d5bb11b\"><style>.stk-d5bb11b-container{margin-top:0px !important;margin-right:0px !important;margin-bottom:0px !important;margin-left:0px !important}.stk-d5bb11b:hover{box-shadow:0px 10px 30px #0000000d !important}.stk-d5bb11b{padding-top:30px !important;padding-right:25px !important;padding-bottom:30px !important;padding-left:25px !important}@media screen and (min-width:768px){.stk-d5bb11b{flex:var(--stk-flex-grow,1) 1 calc(35.2% - var(--stk-column-gap,0px) * 3 \/ 4 ) !important}}@media screen and (min-width:768px) and (max-width:1023px){.stk-d5bb11b{flex:var(--stk-flex-grow,1) 1 calc(50% - var(--stk-column-gap,0px) * 1 \/ 2 ) !important}}<\/style><div class=\"stk-column-wrapper stk-block-column__content stk-container stk-d5bb11b-container stk--no-background stk--no-padding\"><div class=\"has-text-align-center stk-block-content stk-inner-blocks stk-d5bb11b-inner-blocks\">\n<div class=\"wp-block-stackable-icon stk-block-icon stk-block stk-b579c77\" data-block-id=\"b579c77\"><style>.stk-b579c77 .stk--svg-wrapper .stk--inner-svg svg:last-child,.stk-b579c77 .stk--svg-wrapper .stk--inner-svg svg:last-child :is(g,path,rect,polygon,ellipse){fill:#8f9537 !important}<\/style><span class=\"stk--svg-wrapper\"><div class=\"stk--inner-svg\"><svg style=\"height:0;width:0\"><defs><linearGradient id=\"linear-gradient-b579c77\" x1=\"0\" x2=\"100%\" y1=\"0\" y2=\"0\"><stop offset=\"0%\" style=\"stop-opacity:1;stop-color:var(--linear-gradient-b-579-c-77-color-1)\"><\/stop><stop offset=\"100%\" style=\"stop-opacity:1;stop-color:var(--linear-gradient-b-579-c-77-color-2)\"><\/stop><\/linearGradient><\/defs><\/svg><svg xmlns=\"https:\/\/www.w3.org\/2000\/svg\" viewBox=\"0 0 512 512\" aria-hidden=\"true\" width=\"32\" height=\"32\"><path d=\"M48 64C21.5 64 0 85.5 0 112c0 15.1 7.1 29.3 19.2 38.4L236.8 313.6c11.4 8.5 27 8.5 38.4 0L492.8 150.4c12.1-9.1 19.2-23.3 19.2-38.4c0-26.5-21.5-48-48-48H48zM0 176V384c0 35.3 28.7 64 64 64H448c35.3 0 64-28.7 64-64V176L294.4 339.2c-22.8 17.1-54 17.1-76.8 0L0 176z\"><\/path><\/svg><\/div><\/span><\/div>\n\n\n\n<div class=\"wp-block-stackable-heading stk-block-heading stk-block-heading--v2 stk-block stk-7391842\" id=\"correo-electronico\" data-block-id=\"7391842\"><style>.stk-7391842{margin-bottom:15px !important}.stk-7391842 .stk-block-heading__text{color:#000000 !important;line-height:1.5em !important}<\/style><h3 class=\"stk-block-heading__text has-text-color\">Correo Electr\u00f3nico<\/h3><\/div>\n\n\n\n<p class=\"has-normal-font-size\">isabelroses2023@gmail.com<\/p>\n<\/div><\/div><\/div>\n\n\n\n<div class=\"wp-block-stackable-column stk-block-column stk-column stk-block stk-621ae9f\" data-v=\"4\" data-block-id=\"621ae9f\"><style>.stk-621ae9f-container{margin-top:0px !important;margin-right:0px !important;margin-bottom:0px !important;margin-left:0px !important}.stk-621ae9f:hover{box-shadow:0px 10px 30px #0000000d !important}.stk-621ae9f{padding-top:30px !important;padding-right:25px !important;padding-bottom:30px !important;padding-left:25px !important}@media screen and (min-width:768px){.stk-621ae9f{flex:var(--stk-flex-grow,1) 1 calc(14.799999999999997% - var(--stk-column-gap,0px) * 3 \/ 4 ) !important}}@media screen and (min-width:768px) and (max-width:1023px){.stk-621ae9f{flex:var(--stk-flex-grow,1) 1 calc(50% - var(--stk-column-gap,0px) * 1 \/ 2 ) !important}}<\/style><div class=\"stk-column-wrapper stk-block-column__content stk-container stk-621ae9f-container stk--no-background stk--no-padding\"><div class=\"has-text-align-center stk-block-content stk-inner-blocks stk-621ae9f-inner-blocks\">\n<div class=\"wp-block-stackable-icon stk-block-icon stk-block stk-cf1f4ac\" data-block-id=\"cf1f4ac\"><style>.stk-cf1f4ac .stk--svg-wrapper .stk--inner-svg svg:last-child,.stk-cf1f4ac .stk--svg-wrapper .stk--inner-svg svg:last-child :is(g,path,rect,polygon,ellipse){fill:#8f9537 !important}<\/style><span class=\"stk--svg-wrapper\"><div class=\"stk--inner-svg\"><svg style=\"height:0;width:0\"><defs><linearGradient id=\"linear-gradient-cf1f4ac\" x1=\"0\" x2=\"100%\" y1=\"0\" y2=\"0\"><stop offset=\"0%\" style=\"stop-opacity:1;stop-color:var(--linear-gradient-cf-1-f-4-ac-color-1)\"><\/stop><stop offset=\"100%\" style=\"stop-opacity:1;stop-color:var(--linear-gradient-cf-1-f-4-ac-color-2)\"><\/stop><\/linearGradient><\/defs><\/svg><svg xmlns=\"https:\/\/www.w3.org\/2000\/svg\" viewBox=\"0 0 512 512\" aria-hidden=\"true\" width=\"32\" height=\"32\"><path d=\"M164.9 24.6c-7.7-18.6-28-28.5-47.4-23.2l-88 24C12.1 30.2 0 46 0 64C0 311.4 200.6 512 448 512c18 0 33.8-12.1 38.6-29.5l24-88c5.3-19.4-4.6-39.7-23.2-47.4l-96-40c-16.3-6.8-35.2-2.1-46.3 11.6L304.7 368C234.3 334.7 177.3 277.7 144 207.3L193.3 167c13.7-11.2 18.4-30 11.6-46.3l-40-96z\"><\/path><\/svg><\/div><\/span><\/div>\n\n\n\n<div class=\"wp-block-stackable-heading stk-block-heading stk-block-heading--v2 stk-block stk-276e4de\" id=\"numero-de-telefono\" data-block-id=\"276e4de\"><style>.stk-276e4de{margin-bottom:15px !important}.stk-276e4de .stk-block-heading__text{color:#000000 !important;line-height:1.5em !important}<\/style><h3 class=\"stk-block-heading__text has-text-color\">N\u00famero de Tel\u00e9fono<\/h3><\/div>\n\n\n\n<p class=\"has-normal-font-size\">(321) 333 1892<\/p>\n<\/div><\/div><\/div>\n<\/div><\/div>\n\n\n\n<div class=\"wp-block-stackable-spacer stk-block-spacer stk--no-padding stk-block stk-b53b987\" data-block-id=\"b53b987\"><style>.stk-b53b987{height:50px !important}@media screen and (max-width:1023px){.stk-b53b987{height:100px !important}}<\/style><\/div>\n\n\n\n<div class=\"wp-block-stackable-columns stk-block-columns stk-block stk-9dedec1\" data-block-id=\"9dedec1\"><style>.stk-9dedec1{margin-bottom:0px !important}.stk-9dedec1-column{--stk-column-gap:35px !important;row-gap:35px !important}<\/style><div class=\"stk-row stk-inner-blocks stk-block-content stk-content-align stk-9dedec1-column\">\n<div class=\"wp-block-stackable-column stk-block-column stk-column stk-block stk-e8ec9fc\" data-v=\"4\" data-block-id=\"e8ec9fc\"><style>.stk-e8ec9fc-container{margin-top:0px !important;margin-right:0px !important;margin-bottom:0px !important;margin-left:0px !important}@media screen and (min-width:768px) and (max-width:1023px){.stk-e8ec9fc{flex:var(--stk-flex-grow,1) 1 calc(100% - var(--stk-column-gap,0px) * 0 \/ 1 ) !important}}<\/style><div class=\"stk-column-wrapper stk-block-column__content stk-container stk-e8ec9fc-container stk--no-background stk--no-padding\"><div class=\"stk-block-content stk-inner-blocks stk-e8ec9fc-inner-blocks\">\n<div class=\"wp-block-stackable-map stk-block-map stk-block stk-ce15af3\" data-block-id=\"ce15af3\"><style>.stk-ce15af3{margin-bottom:0px !important}.stk-ce15af3 .stk-block-map__canvas,.stk-ce15af3 iframe{height:586px !important}@media screen and (max-width:1023px){.stk-ce15af3 .stk-block-map__canvas,.stk-ce15af3 iframe{height:400px !important}}<\/style><iframe\n\t\t\t\t\t\ttitle=\"Embedded content from Google Maps Platform.\"\n\t\t\t\t\t\tsrc=\"https:\/\/maps.google.com\/maps?q=Austin,Tx 78754&#038;t=&#038;z=12&#038;ie=UTF8&#038;output=embed\"\n\t\t\t\t\t\tstyle=\"border:0;width:100%;max-width:none;max-height:none;height:100%;\"\n\t\t\t\t\t\taria-hidden=\"false\"\n\t\t\t\t\t\ttabIndex=\"0\"\n\t\t\t\t\t\tallowfullscreen\n\t\t\t\t\t\tloading=\"lazy\"\n\t\t\t\t\t\tframeBorder=\"0\"\n\t\t\t\t\t><\/iframe><\/div>\n<\/div><\/div><\/div>\n\n\n\n<div class=\"wp-block-stackable-column stk-block-column stk-column stk-block stk-20a795f\" data-v=\"4\" data-block-id=\"20a795f\"><style>.stk-20a795f-container{margin-top:0px !important;margin-right:0px !important;margin-bottom:0px !important;margin-left:0px !important}.stk-20a795f{align-self:center !important}@media screen and (min-width:768px) and (max-width:1023px){.stk-20a795f{flex:var(--stk-flex-grow,1) 1 calc(100% - var(--stk-column-gap,0px) * 0 \/ 1 ) !important}}<\/style><div class=\"stk-column-wrapper stk-block-column__content stk-container stk-20a795f-container stk--no-background stk--no-padding\"><div class=\"stk-block-content stk-inner-blocks stk-20a795f-inner-blocks\">\n<div class=\"wp-block-stackable-heading stk-block-heading stk-block-heading--v2 stk-block stk-406e1c3\" id=\"strong-nos-encantaria-saber-de-ti-strong\" data-block-id=\"406e1c3\"><style>.stk-406e1c3{margin-bottom:20px !important}.stk-406e1c3 .stk-block-heading__text{line-height:2em !important;font-weight:900 !important}<\/style><h3 class=\"stk-block-heading__text\"><strong>Nos encantar\u00eda saber de ti..<\/strong><\/h3><\/div>\n\n\n<div class=\"wpforms-container wpforms-block wpforms-block-9c3a5f90-df89-4f15-8e86-420674ede0c6 wpforms-render-modern\" id=\"wpforms-561\"><form id=\"wpforms-form-561\" class=\"wpforms-validate wpforms-form wpforms-ajax-form\" data-formid=\"561\" method=\"post\" enctype=\"multipart\/form-data\" action=\"\/index.php\/wp-json\/wp\/v2\/pages\/381\" data-token=\"78d8587358160192257fbe6fad062cbc\" data-token-time=\"1778242785\"><noscript class=\"wpforms-error-noscript\">Por favor, activa JavaScript en tu navegador para completar este formulario.<\/noscript><div id=\"wpforms-error-noscript\" style=\"display: none;\">Por favor, activa JavaScript en tu navegador para completar este formulario.<\/div><div class=\"wpforms-field-container\"><div id=\"wpforms-561-field_0-container\" class=\"wpforms-field wpforms-field-name\" data-field-id=\"0\"><label class=\"wpforms-field-label\" for=\"wpforms-561-field_0\">First &amp; Last Name <span class=\"wpforms-required-label\" aria-hidden=\"true\">*<\/span><\/label><input type=\"text\" id=\"wpforms-561-field_0\" class=\"wpforms-field-large wpforms-field-required\" name=\"wpforms[fields][0]\" aria-errormessage=\"wpforms-561-field_0-error\" required><\/div><div id=\"wpforms-561-field_1-container\" class=\"wpforms-field wpforms-field-email\" data-field-id=\"1\"><label class=\"wpforms-field-label\" for=\"wpforms-561-field_1\">Email Address <span class=\"wpforms-required-label\" aria-hidden=\"true\">*<\/span><\/label><input type=\"email\" id=\"wpforms-561-field_1\" class=\"wpforms-field-large wpforms-field-required\" name=\"wpforms[fields][1]\" spellcheck=\"false\" aria-errormessage=\"wpforms-561-field_1-error\" required><\/div><div id=\"wpforms-561-field_3-container\" class=\"wpforms-field wpforms-field-text\" data-field-id=\"3\"><label class=\"wpforms-field-label\" for=\"wpforms-561-field_3\">Subject<\/label><input type=\"text\" id=\"wpforms-561-field_3\" class=\"wpforms-field-large\" name=\"wpforms[fields][3]\" aria-errormessage=\"wpforms-561-field_3-error\" ><\/div><div id=\"wpforms-561-field_2-container\" class=\"wpforms-field wpforms-field-textarea\" data-field-id=\"2\"><label class=\"wpforms-field-label\" for=\"wpforms-561-field_2\">Comment or Message <span class=\"wpforms-required-label\" aria-hidden=\"true\">*<\/span><\/label><textarea id=\"wpforms-561-field_2\" class=\"wpforms-field-large wpforms-field-required\" name=\"wpforms[fields][2]\" aria-errormessage=\"wpforms-561-field_2-error\" required><\/textarea><\/div><\/div><!-- .wpforms-field-container --><div class=\"wpforms-submit-container\" ><input type=\"hidden\" name=\"wpforms[id]\" value=\"561\"><input type=\"hidden\" name=\"page_title\" value=\"\"><input type=\"hidden\" name=\"page_url\" value=\"https:\/\/isabelrosesonline.com\/index.php\/wp-json\/wp\/v2\/pages\/381\"><input type=\"hidden\" name=\"url_referer\" value=\"\"><button type=\"submit\" name=\"wpforms[submit]\" id=\"wpforms-submit-561\" class=\"wpforms-submit\" data-alt-text=\"Sending...\" data-submit-text=\"Send Message\" aria-live=\"assertive\" value=\"wpforms-submit\">Send Message<\/button><img decoding=\"async\" src=\"https:\/\/isabelrosesonline.com\/wp-content\/plugins\/wpforms-lite\/assets\/images\/submit-spin.svg\" class=\"wpforms-submit-spinner\" style=\"display: none;\" width=\"26\" height=\"26\" alt=\"Cargando\"><\/div><\/form><\/div>  <!-- .wpforms-container --><\/div><\/div><\/div>\n<\/div><\/div>\n","protected":false},"excerpt":{"rendered":"<p>Sal de dudas.. Direcci\u00f3n F\u00edsica Austin,Tx 78754 Horario de Trabajo Lunes a viernes: 7am &#8211; 7pmFin de Semana: 10am &#8211; 6pm Correo Electr\u00f3nico isabelroses2023@gmail.com N\u00famero de Tel\u00e9fono (321) 333 1892 Nos encantar\u00eda saber de ti..<\/p>\n","protected":false},"author":1,"featured_media":0,"parent":0,"menu_order":5,"comment_status":"closed","ping_status":"closed","template":"","meta":{"footnotes":""},"class_list":["post-381","page","type-page","status-publish","hentry"],"_links":{"self":[{"href":"https:\/\/isabelrosesonline.com\/index.php\/wp-json\/wp\/v2\/pages\/381","targetHints":{"allow":["GET"]}}],"collection":[{"href":"https:\/\/isabelrosesonline.com\/index.php\/wp-json\/wp\/v2\/pages"}],"about":[{"href":"https:\/\/isabelrosesonline.com\/index.php\/wp-json\/wp\/v2\/types\/page"}],"author":[{"embeddable":true,"href":"https:\/\/isabelrosesonline.com\/index.php\/wp-json\/wp\/v2\/users\/1"}],"replies":[{"embeddable":true,"href":"https:\/\/isabelrosesonline.com\/index.php\/wp-json\/wp\/v2\/comments?post=381"}],"version-history":[{"count":15,"href":"https:\/\/isabelrosesonline.com\/index.php\/wp-json\/wp\/v2\/pages\/381\/revisions"}],"predecessor-version":[{"id":1061,"href":"https:\/\/isabelrosesonline.com\/index.php\/wp-json\/wp\/v2\/pages\/381\/revisions\/1061"}],"wp:attachment":[{"href":"https:\/\/isabelrosesonline.com\/index.php\/wp-json\/wp\/v2\/media?parent=381"}],"curies":[{"name":"wp","href":"https:\/\/api.w.org\/{rel}","templated":true}]}}